{"id":42,"date":"2014-01-14T16:13:05","date_gmt":"2014-01-14T16:13:05","guid":{"rendered":"https:\/\/www.grupocarrerasmiralta.com\/?page_id=42"},"modified":"2014-01-14T16:13:05","modified_gmt":"2014-01-14T16:13:05","slug":"alquiler-de-coches-en-menorca","status":"publish","type":"page","link":"https:\/\/www.grupocarrerasmiralta.com\/?page_id=42","title":{"rendered":"Alquiler de coches en Menorca"},"content":{"rendered":"<p><a href=\"http:\/\/www.alquilerdecochesenmenorca.com\">Alquiler de coches en Menorca<\/a> est\u00e1 presente en los principales puntos tur\u00edsticos de la isla. Olv\u00eddese de subir y bajar de taxis y autobuses, y ahorre alquilando un coche en Alquiler de coches en Menorca.<\/p>\n","protected":false},"excerpt":{"rendered":"<p>Alquiler de coches en Menorca est\u00e1 presente en los principales puntos tur\u00edsticos de la isla. Olv\u00eddese de subir y bajar de taxis y autobuses, y ahorre alquilando un coche en Alquiler de coches en Menorca.<\/p>\n","protected":false},"author":1,"featured_media":0,"parent":0,"menu_order":0,"comment_status":"closed","ping_status":"closed","template":"","meta":{"footnotes":""},"class_list":["post-42","page","type-page","status-publish","hentry"],"_links":{"self":[{"href":"https:\/\/www.grupocarrerasmiralta.com\/index.php?rest_route=\/wp\/v2\/pages\/42","targetHints":{"allow":["GET"]}}],"collection":[{"href":"https:\/\/www.grupocarrerasmiralta.com\/index.php?rest_route=\/wp\/v2\/pages"}],"about":[{"href":"https:\/\/www.grupocarrerasmiralta.com\/index.php?rest_route=\/wp\/v2\/types\/page"}],"author":[{"embeddable":true,"href":"https:\/\/www.grupocarrerasmiralta.com\/index.php?rest_route=\/wp\/v2\/users\/1"}],"replies":[{"embeddable":true,"href":"https:\/\/www.grupocarrerasmiralta.com\/index.php?rest_route=%2Fwp%2Fv2%2Fcomments&post=42"}],"version-history":[{"count":0,"href":"https:\/\/www.grupocarrerasmiralta.com\/index.php?rest_route=\/wp\/v2\/pages\/42\/revisions"}],"wp:attachment":[{"href":"https:\/\/www.grupocarrerasmiralta.com\/index.php?rest_route=%2Fwp%2Fv2%2Fmedia&parent=42"}],"curies":[{"name":"wp","href":"https:\/\/api.w.org\/{rel}","templated":true}]}}