{"id":16,"date":"2014-01-14T15:39:00","date_gmt":"2014-01-14T15:39:00","guid":{"rendered":"https:\/\/www.grupocarrerasmiralta.com\/?page_id=16"},"modified":"2014-01-14T15:39:00","modified_gmt":"2014-01-14T15:39:00","slug":"taller-carloan","status":"publish","type":"page","link":"https:\/\/www.grupocarrerasmiralta.com\/?page_id=16","title":{"rendered":"Taller Carloan"},"content":{"rendered":"<p><img loading=\"lazy\" decoding=\"async\" class=\"alignnone size-full wp-image-47\" alt=\"taller carloan\" src=\"https:\/\/www.grupocarrerasmiralta.com\/wp-content\/uploads\/2014\/01\/carloan_.png\" width=\"484\" height=\"546\" srcset=\"https:\/\/www.grupocarrerasmiralta.com\/wp-content\/uploads\/2014\/01\/carloan_.png 484w, https:\/\/www.grupocarrerasmiralta.com\/wp-content\/uploads\/2014\/01\/carloan_-266x300.png 266w\" sizes=\"auto, (max-width: 484px) 100vw, 484px\" \/><\/p>\n<p>Taller Carloan trabaja con las compa\u00f1\u00edas aseguradoras m\u00e1s consolidadas en la pen\u00ednsula para ofrecerte el mejor servicio garantizado.\u00a0Somos el <a href=\"http:\/\/www.tallercarloan.com\">taller MULTIMARCA de Menorca<\/a> de chapa y pintura en Menorca, trabajamos con las aseguradoras nacionales.<\/p>\n","protected":false},"excerpt":{"rendered":"<p>Taller Carloan trabaja con las compa\u00f1\u00edas aseguradoras m\u00e1s consolidadas en la pen\u00ednsula para ofrecerte el mejor servicio garantizado.\u00a0Somos el taller MULTIMARCA de Menorca de chapa y pintura en Menorca, trabajamos con las aseguradoras nacionales.<\/p>\n","protected":false},"author":1,"featured_media":0,"parent":0,"menu_order":0,"comment_status":"closed","ping_status":"closed","template":"","meta":{"footnotes":""},"class_list":["post-16","page","type-page","status-publish","hentry"],"_links":{"self":[{"href":"https:\/\/www.grupocarrerasmiralta.com\/index.php?rest_route=\/wp\/v2\/pages\/16","targetHints":{"allow":["GET"]}}],"collection":[{"href":"https:\/\/www.grupocarrerasmiralta.com\/index.php?rest_route=\/wp\/v2\/pages"}],"about":[{"href":"https:\/\/www.grupocarrerasmiralta.com\/index.php?rest_route=\/wp\/v2\/types\/page"}],"author":[{"embeddable":true,"href":"https:\/\/www.grupocarrerasmiralta.com\/index.php?rest_route=\/wp\/v2\/users\/1"}],"replies":[{"embeddable":true,"href":"https:\/\/www.grupocarrerasmiralta.com\/index.php?rest_route=%2Fwp%2Fv2%2Fcomments&post=16"}],"version-history":[{"count":0,"href":"https:\/\/www.grupocarrerasmiralta.com\/index.php?rest_route=\/wp\/v2\/pages\/16\/revisions"}],"wp:attachment":[{"href":"https:\/\/www.grupocarrerasmiralta.com\/index.php?rest_route=%2Fwp%2Fv2%2Fmedia&parent=16"}],"curies":[{"name":"wp","href":"https:\/\/api.w.org\/{rel}","templated":true}]}}