{"id":14,"date":"2014-01-14T15:38:39","date_gmt":"2014-01-14T15:38:39","guid":{"rendered":"https:\/\/www.grupocarrerasmiralta.com\/?page_id=14"},"modified":"2014-01-14T15:38:39","modified_gmt":"2014-01-14T15:38:39","slug":"autobuses-mahon","status":"publish","type":"page","link":"https:\/\/www.grupocarrerasmiralta.com\/?page_id=14","title":{"rendered":"Autobuses Mah\u00f3n"},"content":{"rendered":"<p>Autobuses Mah\u00f3n es la mejor alternativa para aquellos que deseen moverse por la isla c\u00f3modamente sin preocupaciones. Se trata de una de las empresas l\u00edderes en Menorca en el\u00a0<a title=\"transporte discrecional menorca\" href=\"http:\/\/www.autobusesmahon.com\/\">transporte discrecional de pasajeros<\/a>, con m\u00e1s experiencia en el sector.<\/p>\n","protected":false},"excerpt":{"rendered":"<p>Autobuses Mah\u00f3n es la mejor alternativa para aquellos que deseen moverse por la isla c\u00f3modamente sin preocupaciones. Se trata de una de las empresas l\u00edderes en Menorca en el\u00a0transporte discrecional de pasajeros, con m\u00e1s experiencia en el sector.<\/p>\n","protected":false},"author":1,"featured_media":0,"parent":0,"menu_order":0,"comment_status":"closed","ping_status":"closed","template":"","meta":{"footnotes":""},"class_list":["post-14","page","type-page","status-publish","hentry"],"_links":{"self":[{"href":"https:\/\/www.grupocarrerasmiralta.com\/index.php?rest_route=\/wp\/v2\/pages\/14","targetHints":{"allow":["GET"]}}],"collection":[{"href":"https:\/\/www.grupocarrerasmiralta.com\/index.php?rest_route=\/wp\/v2\/pages"}],"about":[{"href":"https:\/\/www.grupocarrerasmiralta.com\/index.php?rest_route=\/wp\/v2\/types\/page"}],"author":[{"embeddable":true,"href":"https:\/\/www.grupocarrerasmiralta.com\/index.php?rest_route=\/wp\/v2\/users\/1"}],"replies":[{"embeddable":true,"href":"https:\/\/www.grupocarrerasmiralta.com\/index.php?rest_route=%2Fwp%2Fv2%2Fcomments&post=14"}],"version-history":[{"count":0,"href":"https:\/\/www.grupocarrerasmiralta.com\/index.php?rest_route=\/wp\/v2\/pages\/14\/revisions"}],"wp:attachment":[{"href":"https:\/\/www.grupocarrerasmiralta.com\/index.php?rest_route=%2Fwp%2Fv2%2Fmedia&parent=14"}],"curies":[{"name":"wp","href":"https:\/\/api.w.org\/{rel}","templated":true}]}}