{"id":10,"date":"2014-01-14T15:37:51","date_gmt":"2014-01-14T15:37:51","guid":{"rendered":"https:\/\/www.grupocarrerasmiralta.com\/?page_id=10"},"modified":"2014-01-14T15:37:51","modified_gmt":"2014-01-14T15:37:51","slug":"menocar","status":"publish","type":"page","link":"https:\/\/www.grupocarrerasmiralta.com\/?page_id=10","title":{"rendered":"Menocar"},"content":{"rendered":"<p>\u00bfTe gusta conducir? \u00bfQuieres descubrir los rincones m\u00e1s bellos y enigm\u00e1ticos de Menorca? Est\u00e1s en el lugar indicado! Reserva ya tu\u00a0<a href=\"http:\/\/www.menocar.es\/\">coche de alquiler en Menorca<\/a>, recorre la isla a tu aire y olv\u00eddate de pagar hasta tu llegada en destino!<\/p>\n","protected":false},"excerpt":{"rendered":"<p>\u00bfTe gusta conducir? \u00bfQuieres descubrir los rincones m\u00e1s bellos y enigm\u00e1ticos de Menorca? Est\u00e1s en el lugar indicado! Reserva ya tu\u00a0coche de alquiler en Menorca, recorre la isla a tu aire y olv\u00eddate de pagar hasta tu llegada en destino!<\/p>\n","protected":false},"author":1,"featured_media":0,"parent":0,"menu_order":0,"comment_status":"closed","ping_status":"closed","template":"","meta":{"footnotes":""},"class_list":["post-10","page","type-page","status-publish","hentry"],"_links":{"self":[{"href":"https:\/\/www.grupocarrerasmiralta.com\/index.php?rest_route=\/wp\/v2\/pages\/10","targetHints":{"allow":["GET"]}}],"collection":[{"href":"https:\/\/www.grupocarrerasmiralta.com\/index.php?rest_route=\/wp\/v2\/pages"}],"about":[{"href":"https:\/\/www.grupocarrerasmiralta.com\/index.php?rest_route=\/wp\/v2\/types\/page"}],"author":[{"embeddable":true,"href":"https:\/\/www.grupocarrerasmiralta.com\/index.php?rest_route=\/wp\/v2\/users\/1"}],"replies":[{"embeddable":true,"href":"https:\/\/www.grupocarrerasmiralta.com\/index.php?rest_route=%2Fwp%2Fv2%2Fcomments&post=10"}],"version-history":[{"count":0,"href":"https:\/\/www.grupocarrerasmiralta.com\/index.php?rest_route=\/wp\/v2\/pages\/10\/revisions"}],"wp:attachment":[{"href":"https:\/\/www.grupocarrerasmiralta.com\/index.php?rest_route=%2Fwp%2Fv2%2Fmedia&parent=10"}],"curies":[{"name":"wp","href":"https:\/\/api.w.org\/{rel}","templated":true}]}}